{"id":1400,"date":"2020-11-27T13:30:48","date_gmt":"2020-11-27T10:30:48","guid":{"rendered":"http:\/\/cankirinsaat.com\/?page_id=1400"},"modified":"2023-08-24T09:50:20","modified_gmt":"2023-08-24T06:50:20","slug":"devam-eden-projeler","status":"publish","type":"page","link":"https:\/\/cankirinsaat.com\/index.php\/devam-eden-projeler\/","title":{"rendered":"Devam Eden Projeler"},"content":{"rendered":"<div class=\"fusion-fullwidth fullwidth-box fusion-builder-row-1 fusion-flex-container nonhundred-percent-fullwidth non-hundred-percent-height-scrolling\" style=\"background-color: rgba(255,255,255,0);background-position: left top;background-repeat: no-repeat;border-width: 0px 0px 0px 0px;border-color:#eae9e9;border-style:solid;\" ><div class=\"fusion-builder-row fusion-row fusion-flex-align-items-flex-start\" style=\"max-width:1216.8px;margin-left: calc(-4% \/ 2 );margin-right: calc(-4% \/ 2 );\"><div class=\"fusion-layout-column fusion_builder_column fusion-builder-column-0 fusion_builder_column_1_1 1_1 fusion-flex-column\"><div class=\"fusion-column-wrapper fusion-flex-justify-content-flex-start fusion-content-layout-column\" style=\"background-position:left top;background-repeat:no-repeat;-webkit-background-size:cover;-moz-background-size:cover;-o-background-size:cover;background-size:cover;padding: 0px 15% 0px 15%;\"><style type=\"text\/css\">@media only screen and (max-width:1024px) {.fusion-title.fusion-title-1{margin-top:0px!important;margin-bottom:20px!important;}}@media only screen and (max-width:640px) {.fusion-title.fusion-title-1{margin-top:0px!important;margin-bottom:10px!important;}}<\/style><div class=\"fusion-title title fusion-title-1 fusion-sep-none fusion-title-center fusion-title-text fusion-title-size-two\" style=\"margin-top:0px;margin-bottom:20px;\"><h2 class=\"title-heading-center\" style=\"margin:0;\">Projeler<br \/><\/h2><\/div><div class=\"fusion-separator\" style=\"align-self: center;margin-left: auto;margin-right: auto;margin-top:0px;margin-bottom:30px;width:100%;max-width:206px;\"><div class=\"fusion-separator-border sep-single sep-solid\" style=\"border-color:#fed03d;border-top-width:2px;\"><\/div><\/div><div class=\"fusion-text fusion-text-1\" style=\"transform:translate3d(0,0,0);\"><\/div><style type=\"text\/css\">.fusion-portfolio-wrapper#fusion-portfolio-1 .fusion-portfolio-content{ padding: 25px 25px 25px 25px; text-align: left; }<\/style><div class=\"fusion-recent-works fusion-portfolio-element fusion-portfolio fusion-portfolio-1 fusion-portfolio-grid fusion-portfolio-paging-infinite fusion-portfolio-three fusion-portfolio-boxed fusion-portfolio-text fusion-portfolio-rollover\" data-id=\"-rw-1\" data-columns=\"three\"><div role=\"menubar\"><ul class=\"fusion-filters\" role=\"menu\" aria-label=\"filters\"><li role=\"menuitem\" class=\"fusion-filter fusion-hidden fusion-active\"><a href=\"#\" data-filter=\".devam-eden-projeler\">Devam Eden Projeler<\/a><\/li><\/ul><\/div><style type=\"text\/css\">.fusion-portfolio-1 .fusion-portfolio-wrapper .fusion-col-spacing{padding:18px;}<\/style><div class=\"fusion-portfolio-wrapper\" id=\"fusion-portfolio-1\" data-picturesize=\"auto\" data-pages=\"1\" style=\"margin:-18px;\"><article id=\"portfolio-1-post-16522\" class=\"fusion-portfolio-post devam-eden-projeler fusion-col-spacing post-16522\"><div class=\"fusion-portfolio-content-wrapper\" style=\"border:1px solid #f5f5f5;border-bottom-width:3px;background-color:rgba(255,255,255,1);\"><span class=\"vcard rich-snippet-hidden\"><span class=\"fn\"><a href=\"https:\/\/cankirinsaat.com\/index.php\/author\/sistemodam\/\" title=\"BURAK taraf\u0131ndan yaz\u0131lan yaz\u0131lar\" rel=\"author\">BURAK<\/a><\/span><\/span><span class=\"updated rich-snippet-hidden\">2025-05-20T16:29:09+03:00<\/span>\n\n<div  class=\"fusion-image-wrapper\" aria-haspopup=\"true\">\n\t\n\t\n\t\n\t\t\n\t\t\t\t\t<img decoding=\"async\" width=\"2560\" height=\"1440\" src=\"https:\/\/cankirinsaat.com\/wp-content\/uploads\/2025\/05\/CEPHE_YENITESLIM_1-Photo-kopya-scaled.jpg\" class=\"attachment-full size-full lazyload wp-post-image\" alt=\"\" srcset=\"data:image\/svg+xml,%3Csvg%20xmlns%3D%27http%3A%2F%2Fwww.w3.org%2F2000%2Fsvg%27%20width%3D%272560%27%20height%3D%271440%27%20viewBox%3D%270%200%202560%201440%27%3E%3Crect%20width%3D%272560%27%20height%3D%2731440%27%20fill-opacity%3D%220%22%2F%3E%3C%2Fsvg%3E\" data-orig-src=\"https:\/\/cankirinsaat.com\/wp-content\/uploads\/2025\/05\/CEPHE_YENITESLIM_1-Photo-kopya-scaled.jpg\" data-srcset=\"https:\/\/cankirinsaat.com\/wp-content\/uploads\/2025\/05\/CEPHE_YENITESLIM_1-Photo-kopya-200x113.jpg 200w, https:\/\/cankirinsaat.com\/wp-content\/uploads\/2025\/05\/CEPHE_YENITESLIM_1-Photo-kopya-400x225.jpg 400w, https:\/\/cankirinsaat.com\/wp-content\/uploads\/2025\/05\/CEPHE_YENITESLIM_1-Photo-kopya-600x338.jpg 600w, https:\/\/cankirinsaat.com\/wp-content\/uploads\/2025\/05\/CEPHE_YENITESLIM_1-Photo-kopya-800x450.jpg 800w, https:\/\/cankirinsaat.com\/wp-content\/uploads\/2025\/05\/CEPHE_YENITESLIM_1-Photo-kopya-1200x675.jpg 1200w, https:\/\/cankirinsaat.com\/wp-content\/uploads\/2025\/05\/CEPHE_YENITESLIM_1-Photo-kopya-scaled.jpg 2560w\" data-sizes=\"auto\" \/>\n\t\n\n\t\t<div class=\"fusion-rollover\">\n\t<div class=\"fusion-rollover-content\">\n\n\t\t\t\t\t\t\t\t\t\t\t\t\t\t<a class=\"fusion-rollover-link\" href=\"https:\/\/cankirinsaat.com\/index.php\/portfolio-items\/cankir-bulvar-home-ofis\/?portfolioCats=15\">Cank\u0131r Bulvar Home Office<\/a>\n\t\t\t\n\t\t\t\t\t\t\t\t\t\t\t\t\t\t\n\t\t\t\t\t\t\t\t\n\t\t\t\t\t\t\t\t\t\t\t\t\t<div class=\"fusion-rollover-sep\"><\/div>\n\t\t\t\t\n\t\t\t\t\t\t\t\t\t\t\t\t\t\t\t\t\t\t<a class=\"fusion-rollover-gallery\" href=\"https:\/\/cankirinsaat.com\/wp-content\/uploads\/2025\/05\/CEPHE_YENITESLIM_1-Photo-kopya-scaled.jpg\" data-id=\"16522\" data-rel=\"iLightbox[gallery-rw-1]\" data-title=\"CEPHE_YENI\u0307TESLI\u0307M_1 - Photo kopya\" data-caption=\"\">\n\t\t\t\t\t\tGallery\t\t\t\t\t<\/a>\n\t\t\t\t\t\t\t\t\t\t\t\t\t\t\n\t\t\t\t\n\t\t\t\t\t\t\t\t\t\t\t\t<h4 class=\"fusion-rollover-title\">\n\t\t\t\t\t<a class=\"fusion-rollover-title-link\" href=\"https:\/\/cankirinsaat.com\/index.php\/portfolio-items\/cankir-bulvar-home-ofis\/?portfolioCats=15\">\n\t\t\t\t\t\tCank\u0131r Bulvar Home Office\t\t\t\t\t<\/a>\n\t\t\t\t<\/h4>\n\t\t\t\n\t\t\t\t\t\t\t\t\t\t\t\t\t\t<div class=\"fusion-rollover-categories\"><a href=\"https:\/\/cankirinsaat.com\/index.php\/portfoy_kategori\/devam-eden-projeler\/\" rel=\"tag\">Devam Eden Projeler<\/a><\/div>\t\t\t\t\t\n\t\t\n\t\t\t\t<a class=\"fusion-link-wrapper\" href=\"https:\/\/cankirinsaat.com\/index.php\/portfolio-items\/cankir-bulvar-home-ofis\/?portfolioCats=15\" aria-label=\"Cank\u0131r Bulvar Home Office\"><\/a>\n\t<\/div>\n<\/div>\n\n\t\n<\/div>\n<div class=\"fusion-portfolio-content\" style=\"background-color:rgba(255,255,255,1);\"><h2 class=\"entry-title fusion-post-title\"><a href=\"https:\/\/cankirinsaat.com\/index.php\/portfolio-items\/cankir-bulvar-home-ofis\/?portfolioCats=15\">Cank\u0131r Bulvar Home Office<\/a><\/h2><div class=\"fusion-portfolio-meta\"><a href=\"https:\/\/cankirinsaat.com\/index.php\/portfoy_kategori\/devam-eden-projeler\/\" rel=\"tag\">Devam Eden Projeler<\/a><\/div><div class=\"fusion-content-sep sep-single sep-solid\" style=\"border-color:#eae8e8;\"><\/div><div class=\"fusion-post-content\"><p> Cank\u0131r Bulvar Home Office    \u0130leti\u015fime Ge\u00e7ebilirsiniz !     Cank\u0131r Bulvar Home Office   \u0130\u015e\u0130N S\u00dcRES\u0130: 730 G\u00dcN B\u0130T\u0130\u015e TAR\u0130H\u0130: ARALIK.2026 \u0130\u015e\u0130N KONUSU: 150 ADET CANKIR BULVAR HOME OF\u0130S PROJES\u0130  Proje Detaylar\u0131  Tarih December 18th, 2015 Firma  CANKIR \u0130n\u015faat Proje Durumu December 18th, 2015 M\u00fcteahhit<\/p><\/div><\/div><\/div><\/article><article id=\"portfolio-1-post-1838\" class=\"fusion-portfolio-post devam-eden-projeler fusion-col-spacing post-1838\"><div class=\"fusion-portfolio-content-wrapper\" style=\"border:1px solid #f5f5f5;border-bottom-width:3px;background-color:rgba(255,255,255,1);\"><span class=\"vcard rich-snippet-hidden\"><span class=\"fn\"><a href=\"https:\/\/cankirinsaat.com\/index.php\/author\/sistemodam\/\" title=\"BURAK taraf\u0131ndan yaz\u0131lan yaz\u0131lar\" rel=\"author\">BURAK<\/a><\/span><\/span><span class=\"updated rich-snippet-hidden\">2024-11-23T16:23:17+03:00<\/span>\n\n<div  class=\"fusion-image-wrapper\" aria-haspopup=\"true\">\n\t\n\t\n\t\n\t\t\n\t\t\t\t\t<img decoding=\"async\" width=\"1600\" height=\"850\" src=\"https:\/\/cankirinsaat.com\/wp-content\/uploads\/2024\/11\/1.jpg\" class=\"attachment-full size-full lazyload wp-post-image\" alt=\"\" srcset=\"data:image\/svg+xml,%3Csvg%20xmlns%3D%27http%3A%2F%2Fwww.w3.org%2F2000%2Fsvg%27%20width%3D%271600%27%20height%3D%27850%27%20viewBox%3D%270%200%201600%20850%27%3E%3Crect%20width%3D%271600%27%20height%3D%273850%27%20fill-opacity%3D%220%22%2F%3E%3C%2Fsvg%3E\" data-orig-src=\"https:\/\/cankirinsaat.com\/wp-content\/uploads\/2024\/11\/1.jpg\" data-srcset=\"https:\/\/cankirinsaat.com\/wp-content\/uploads\/2024\/11\/1-200x106.jpg 200w, https:\/\/cankirinsaat.com\/wp-content\/uploads\/2024\/11\/1-400x213.jpg 400w, https:\/\/cankirinsaat.com\/wp-content\/uploads\/2024\/11\/1-600x319.jpg 600w, https:\/\/cankirinsaat.com\/wp-content\/uploads\/2024\/11\/1-800x425.jpg 800w, https:\/\/cankirinsaat.com\/wp-content\/uploads\/2024\/11\/1-1200x638.jpg 1200w, https:\/\/cankirinsaat.com\/wp-content\/uploads\/2024\/11\/1.jpg 1600w\" data-sizes=\"auto\" \/>\n\t\n\n\t\t<div class=\"fusion-rollover\">\n\t<div class=\"fusion-rollover-content\">\n\n\t\t\t\t\t\t\t\t\t\t\t\t\t\t<a class=\"fusion-rollover-link\" href=\"https:\/\/cankirinsaat.com\/index.php\/portfolio-items\/ankara-yildirim-beyazit-universitesi\/?portfolioCats=15\">ANKARA YILDIRIM BEYAZIT \u00dcN\u0130VERS\u0130TES\u0130<\/a>\n\t\t\t\n\t\t\t\t\t\t\t\t\t\t\t\t\t\t\n\t\t\t\t\t\t\t\t\n\t\t\t\t\t\t\t\t\t\t\t\t\t<div class=\"fusion-rollover-sep\"><\/div>\n\t\t\t\t\n\t\t\t\t\t\t\t\t\t\t\t\t\t\t\t\t\t\t<a class=\"fusion-rollover-gallery\" href=\"https:\/\/cankirinsaat.com\/wp-content\/uploads\/2024\/11\/1.jpg\" data-id=\"1838\" data-rel=\"iLightbox[gallery-rw-1]\" data-title=\"1\" data-caption=\"\">\n\t\t\t\t\t\tGallery\t\t\t\t\t<\/a>\n\t\t\t\t\t\t\t\t\t\t\t\t\t\t\n\t\t\t\t\n\t\t\t\t\t\t\t\t\t\t\t\t<h4 class=\"fusion-rollover-title\">\n\t\t\t\t\t<a class=\"fusion-rollover-title-link\" href=\"https:\/\/cankirinsaat.com\/index.php\/portfolio-items\/ankara-yildirim-beyazit-universitesi\/?portfolioCats=15\">\n\t\t\t\t\t\tANKARA YILDIRIM BEYAZIT \u00dcN\u0130VERS\u0130TES\u0130\t\t\t\t\t<\/a>\n\t\t\t\t<\/h4>\n\t\t\t\n\t\t\t\t\t\t\t\t\t\t\t\t\t\t<div class=\"fusion-rollover-categories\"><a href=\"https:\/\/cankirinsaat.com\/index.php\/portfoy_kategori\/devam-eden-projeler\/\" rel=\"tag\">Devam Eden Projeler<\/a><\/div>\t\t\t\t\t\n\t\t\n\t\t\t\t<a class=\"fusion-link-wrapper\" href=\"https:\/\/cankirinsaat.com\/index.php\/portfolio-items\/ankara-yildirim-beyazit-universitesi\/?portfolioCats=15\" aria-label=\"ANKARA YILDIRIM BEYAZIT \u00dcN\u0130VERS\u0130TES\u0130\"><\/a>\n\t<\/div>\n<\/div>\n\n\t\n<\/div>\n<div class=\"fusion-portfolio-content\" style=\"background-color:rgba(255,255,255,1);\"><h2 class=\"entry-title fusion-post-title\"><a href=\"https:\/\/cankirinsaat.com\/index.php\/portfolio-items\/ankara-yildirim-beyazit-universitesi\/?portfolioCats=15\">ANKARA YILDIRIM BEYAZIT \u00dcN\u0130VERS\u0130TES\u0130<\/a><\/h2><div class=\"fusion-portfolio-meta\"><a href=\"https:\/\/cankirinsaat.com\/index.php\/portfoy_kategori\/devam-eden-projeler\/\" rel=\"tag\">Devam Eden Projeler<\/a><\/div><div class=\"fusion-content-sep sep-single sep-solid\" style=\"border-color:#eae8e8;\"><\/div><div class=\"fusion-post-content\"><p> ANKARA YILDIRIM BEYAZIT \u00dcN\u0130VERS\u0130TES\u0130    \u0130leti\u015fime Ge\u00e7ebilirsiniz !     ANKARA YILDIRIM BEYAZIT \u00dcN\u0130VERS\u0130TES\u0130   \u0130\u015e\u0130N S\u00dcRES\u0130: 380 G\u00dcN B\u0130T\u0130\u015e TAR\u0130H\u0130: 30.11.2025 \u0130\u015e\u0130N BEDEL\u0130: 239.450.000,00 TL \u0130\u015e\u0130N KONUSU: D\u0130\u015e HEK\u0130ML\u0130\u011e\u0130 FAK\u00dcLTES\u0130 VE TAMAMLAYICI TIP UYGULAMA VE ARA\u015eTIRMA MERKEZ\u0130 B\u0130NASI \u0130N\u015eAATI TAMAMLAMA \u0130\u015e\u0130  Proje Detaylar\u0131  Tarih December 18th,<\/p><\/div><\/div><\/div><\/article><\/div><\/div><\/div><\/div><style type=\"text\/css\">.fusion-body .fusion-builder-column-0{width:100% !important;margin-top : 0px;margin-bottom : 30px;}.fusion-builder-column-0 > .fusion-column-wrapper {padding-top : 0px !important;padding-right : 15% !important;margin-right : 1.92%;padding-bottom : 0px !important;padding-left : 15% !important;margin-left : 1.92%;}@media only screen and (max-width:1024px) {.fusion-body .fusion-builder-column-0{width:100% !important;}.fusion-builder-column-0 > .fusion-column-wrapper {padding-right : 60px !important;margin-right : 1.92%;padding-left : 60px !important;margin-left : 1.92%;}}@media only screen and (max-width:640px) {.fusion-body .fusion-builder-column-0{width:100% !important;}.fusion-builder-column-0 > .fusion-column-wrapper {padding-right : 40px !important;margin-right : 1.92%;padding-left : 40px !important;margin-left : 1.92%;}}<\/style><\/div><style type=\"text\/css\">.fusion-body .fusion-flex-container.fusion-builder-row-1{ padding-top : 90px;margin-top : 0px;padding-right : 0px;padding-bottom : 90px;margin-bottom : 0px;padding-left : 0px;}@media only screen and (max-width:640px) {.fusion-body .fusion-flex-container.fusion-builder-row-1{ padding-bottom : 50px;}}<\/style><\/div>\n","protected":false},"excerpt":{"rendered":"","protected":false},"author":1,"featured_media":0,"parent":0,"menu_order":0,"comment_status":"closed","ping_status":"closed","template":"100-width.php","meta":{"_bbp_topic_count":0,"_bbp_reply_count":0,"_bbp_total_topic_count":0,"_bbp_total_reply_count":0,"_bbp_voice_count":0,"_bbp_anonymous_reply_count":0,"_bbp_topic_count_hidden":0,"_bbp_reply_count_hidden":0,"_bbp_forum_subforum_count":0,"footnotes":""},"class_list":["post-1400","page","type-page","status-publish","hentry"],"yoast_head":"<!-- This site is optimized with the Yoast SEO plugin v26.3 - https:\/\/yoast.com\/wordpress\/plugins\/seo\/ -->\n<title>Devam Eden Projeler | CANKIR in\u015faat<\/title>\n<meta name=\"robots\" content=\"index, follow, max-snippet:-1, max-image-preview:large, max-video-preview:-1\" \/>\n<link rel=\"canonical\" href=\"https:\/\/cankirinsaat.com\/index.php\/devam-eden-projeler\/\" class=\"yoast-seo-meta-tag\" \/>\n<meta property=\"og:locale\" content=\"tr_TR\" class=\"yoast-seo-meta-tag\" \/>\n<meta property=\"og:type\" content=\"article\" class=\"yoast-seo-meta-tag\" \/>\n<meta property=\"og:title\" content=\"Devam Eden Projeler | CANKIR in\u015faat\" class=\"yoast-seo-meta-tag\" \/>\n<meta property=\"og:url\" content=\"https:\/\/cankirinsaat.com\/index.php\/devam-eden-projeler\/\" class=\"yoast-seo-meta-tag\" \/>\n<meta property=\"og:site_name\" content=\"CANKIR in\u015faat\" class=\"yoast-seo-meta-tag\" \/>\n<meta property=\"article:modified_time\" content=\"2023-08-24T06:50:20+00:00\" class=\"yoast-seo-meta-tag\" \/>\n<meta name=\"twitter:card\" content=\"summary_large_image\" class=\"yoast-seo-meta-tag\" \/>\n<meta name=\"twitter:label1\" content=\"Tahmini okuma s\u00fcresi\" class=\"yoast-seo-meta-tag\" \/>\n\t<meta name=\"twitter:data1\" content=\"2 dakika\" class=\"yoast-seo-meta-tag\" \/>\n<script type=\"application\/ld+json\" class=\"yoast-schema-graph\">{\"@context\":\"https:\/\/schema.org\",\"@graph\":[{\"@type\":\"WebPage\",\"@id\":\"https:\/\/cankirinsaat.com\/index.php\/devam-eden-projeler\/\",\"url\":\"https:\/\/cankirinsaat.com\/index.php\/devam-eden-projeler\/\",\"name\":\"Devam Eden Projeler | CANKIR in\u015faat\",\"isPartOf\":{\"@id\":\"https:\/\/cankirinsaat.com\/#website\"},\"datePublished\":\"2020-11-27T10:30:48+00:00\",\"dateModified\":\"2023-08-24T06:50:20+00:00\",\"breadcrumb\":{\"@id\":\"https:\/\/cankirinsaat.com\/index.php\/devam-eden-projeler\/#breadcrumb\"},\"inLanguage\":\"tr\",\"potentialAction\":[{\"@type\":\"ReadAction\",\"target\":[\"https:\/\/cankirinsaat.com\/index.php\/devam-eden-projeler\/\"]}]},{\"@type\":\"BreadcrumbList\",\"@id\":\"https:\/\/cankirinsaat.com\/index.php\/devam-eden-projeler\/#breadcrumb\",\"itemListElement\":[{\"@type\":\"ListItem\",\"position\":1,\"name\":\"Ana sayfa\",\"item\":\"https:\/\/cankirinsaat.com\/\"},{\"@type\":\"ListItem\",\"position\":2,\"name\":\"Devam Eden Projeler\"}]},{\"@type\":\"WebSite\",\"@id\":\"https:\/\/cankirinsaat.com\/#website\",\"url\":\"https:\/\/cankirinsaat.com\/\",\"name\":\"CANKIR in\u015faat\",\"description\":\"ANKARA\",\"publisher\":{\"@id\":\"https:\/\/cankirinsaat.com\/#organization\"},\"potentialAction\":[{\"@type\":\"SearchAction\",\"target\":{\"@type\":\"EntryPoint\",\"urlTemplate\":\"https:\/\/cankirinsaat.com\/?s={search_term_string}\"},\"query-input\":{\"@type\":\"PropertyValueSpecification\",\"valueRequired\":true,\"valueName\":\"search_term_string\"}}],\"inLanguage\":\"tr\"},{\"@type\":\"Organization\",\"@id\":\"https:\/\/cankirinsaat.com\/#organization\",\"name\":\"CANKIR in\u015faat\",\"url\":\"https:\/\/cankirinsaat.com\/\",\"logo\":{\"@type\":\"ImageObject\",\"inLanguage\":\"tr\",\"@id\":\"https:\/\/cankirinsaat.com\/#\/schema\/logo\/image\/\",\"url\":\"http:\/\/cankirinsaat.com\/wp-content\/uploads\/2020\/09\/cankir_logo.png\",\"contentUrl\":\"http:\/\/cankirinsaat.com\/wp-content\/uploads\/2020\/09\/cankir_logo.png\",\"width\":683,\"height\":247,\"caption\":\"CANKIR in\u015faat\"},\"image\":{\"@id\":\"https:\/\/cankirinsaat.com\/#\/schema\/logo\/image\/\"}}]}<\/script>\n<!-- \/ Yoast SEO plugin. -->","yoast_head_json":{"title":"Devam Eden Projeler | CANKIR in\u015faat","robots":{"index":"index","follow":"follow","max-snippet":"max-snippet:-1","max-image-preview":"max-image-preview:large","max-video-preview":"max-video-preview:-1"},"canonical":"https:\/\/cankirinsaat.com\/index.php\/devam-eden-projeler\/","og_locale":"tr_TR","og_type":"article","og_title":"Devam Eden Projeler | CANKIR in\u015faat","og_url":"https:\/\/cankirinsaat.com\/index.php\/devam-eden-projeler\/","og_site_name":"CANKIR in\u015faat","article_modified_time":"2023-08-24T06:50:20+00:00","twitter_card":"summary_large_image","twitter_misc":{"Tahmini okuma s\u00fcresi":"2 dakika"},"schema":{"@context":"https:\/\/schema.org","@graph":[{"@type":"WebPage","@id":"https:\/\/cankirinsaat.com\/index.php\/devam-eden-projeler\/","url":"https:\/\/cankirinsaat.com\/index.php\/devam-eden-projeler\/","name":"Devam Eden Projeler | CANKIR in\u015faat","isPartOf":{"@id":"https:\/\/cankirinsaat.com\/#website"},"datePublished":"2020-11-27T10:30:48+00:00","dateModified":"2023-08-24T06:50:20+00:00","breadcrumb":{"@id":"https:\/\/cankirinsaat.com\/index.php\/devam-eden-projeler\/#breadcrumb"},"inLanguage":"tr","potentialAction":[{"@type":"ReadAction","target":["https:\/\/cankirinsaat.com\/index.php\/devam-eden-projeler\/"]}]},{"@type":"BreadcrumbList","@id":"https:\/\/cankirinsaat.com\/index.php\/devam-eden-projeler\/#breadcrumb","itemListElement":[{"@type":"ListItem","position":1,"name":"Ana sayfa","item":"https:\/\/cankirinsaat.com\/"},{"@type":"ListItem","position":2,"name":"Devam Eden Projeler"}]},{"@type":"WebSite","@id":"https:\/\/cankirinsaat.com\/#website","url":"https:\/\/cankirinsaat.com\/","name":"CANKIR in\u015faat","description":"ANKARA","publisher":{"@id":"https:\/\/cankirinsaat.com\/#organization"},"potentialAction":[{"@type":"SearchAction","target":{"@type":"EntryPoint","urlTemplate":"https:\/\/cankirinsaat.com\/?s={search_term_string}"},"query-input":{"@type":"PropertyValueSpecification","valueRequired":true,"valueName":"search_term_string"}}],"inLanguage":"tr"},{"@type":"Organization","@id":"https:\/\/cankirinsaat.com\/#organization","name":"CANKIR in\u015faat","url":"https:\/\/cankirinsaat.com\/","logo":{"@type":"ImageObject","inLanguage":"tr","@id":"https:\/\/cankirinsaat.com\/#\/schema\/logo\/image\/","url":"http:\/\/cankirinsaat.com\/wp-content\/uploads\/2020\/09\/cankir_logo.png","contentUrl":"http:\/\/cankirinsaat.com\/wp-content\/uploads\/2020\/09\/cankir_logo.png","width":683,"height":247,"caption":"CANKIR in\u015faat"},"image":{"@id":"https:\/\/cankirinsaat.com\/#\/schema\/logo\/image\/"}}]}},"_links":{"self":[{"href":"https:\/\/cankirinsaat.com\/index.php\/wp-json\/wp\/v2\/pages\/1400","targetHints":{"allow":["GET"]}}],"collection":[{"href":"https:\/\/cankirinsaat.com\/index.php\/wp-json\/wp\/v2\/pages"}],"about":[{"href":"https:\/\/cankirinsaat.com\/index.php\/wp-json\/wp\/v2\/types\/page"}],"author":[{"embeddable":true,"href":"https:\/\/cankirinsaat.com\/index.php\/wp-json\/wp\/v2\/users\/1"}],"replies":[{"embeddable":true,"href":"https:\/\/cankirinsaat.com\/index.php\/wp-json\/wp\/v2\/comments?post=1400"}],"version-history":[{"count":1,"href":"https:\/\/cankirinsaat.com\/index.php\/wp-json\/wp\/v2\/pages\/1400\/revisions"}],"predecessor-version":[{"id":1749,"href":"https:\/\/cankirinsaat.com\/index.php\/wp-json\/wp\/v2\/pages\/1400\/revisions\/1749"}],"wp:attachment":[{"href":"https:\/\/cankirinsaat.com\/index.php\/wp-json\/wp\/v2\/media?parent=1400"}],"curies":[{"name":"wp","href":"https:\/\/api.w.org\/{rel}","templated":true}]}}