{"id":1340,"date":"2020-11-27T09:10:11","date_gmt":"2020-11-27T06:10:11","guid":{"rendered":"http:\/\/cankirinsaat.com\/?page_id=1340"},"modified":"2020-11-27T09:15:18","modified_gmt":"2020-11-27T06:15:18","slug":"isg-politikamiz","status":"publish","type":"page","link":"https:\/\/cankirinsaat.com\/index.php\/isg-politikamiz\/","title":{"rendered":"\u0130SG Politikam\u0131z"},"content":{"rendered":"<div class=\"fusion-fullwidth fullwidth-box fusion-builder-row-1 fusion-flex-container nonhundred-percent-fullwidth non-hundred-percent-height-scrolling\" style=\"background-color: rgba(255,255,255,0);background-position: left top;background-repeat: no-repeat;border-width: 0px 0px 0px 0px;border-color:#eae9e9;border-style:solid;\" ><div class=\"fusion-builder-row fusion-row fusion-flex-align-items-flex-start\" style=\"max-width:1216.8px;margin-left: calc(-4% \/ 2 );margin-right: calc(-4% \/ 2 );\"><div class=\"fusion-layout-column fusion_builder_column fusion-builder-column-0 fusion_builder_column_1_1 1_1 fusion-flex-column\"><div class=\"fusion-column-wrapper fusion-flex-justify-content-flex-start fusion-content-layout-column\" style=\"background-position:left top;background-repeat:no-repeat;-webkit-background-size:cover;-moz-background-size:cover;-o-background-size:cover;background-size:cover;padding: 0px 15% 0px 15%;\"><style type=\"text\/css\">@media only screen and (max-width:1024px) {.fusion-title.fusion-title-1{margin-top:0px!important;margin-bottom:20px!important;}}@media only screen and (max-width:640px) {.fusion-title.fusion-title-1{margin-top:0px!important;margin-bottom:10px!important;}}<\/style><div class=\"fusion-title title fusion-title-1 fusion-sep-none fusion-title-center fusion-title-text fusion-title-size-two\" style=\"margin-top:0px;margin-bottom:20px;\"><h2 class=\"title-heading-center\" style=\"margin:0;\">\u0130\u015f Sa\u011fl\u0131\u011f\u0131 ve G\u00fcvenli\u011fi Politikam\u0131z<br \/><\/h2><\/div><div class=\"fusion-separator\" style=\"align-self: center;margin-left: auto;margin-right: auto;margin-top:0px;margin-bottom:30px;width:100%;max-width:206px;\"><div class=\"fusion-separator-border sep-single sep-solid\" style=\"border-color:#fed03d;border-top-width:2px;\"><\/div><\/div><div class=\"fusion-text fusion-text-1\" style=\"transform:translate3d(0,0,0);\"><p>\u2022\t\u0130\u015f Sa\u011fl\u0131\u011f\u0131 ve G\u00fcvenli\u011fi kurallar\u0131na, d\u00fczenlemeler ve talimatlar\u0131 takip etmek ve uymak.<\/p>\n<p>\u2022\t\u015eirketimizin \u0130\u015f Sa\u011fl\u0131\u011f\u0131 ve G\u00fcvenli\u011fi Y\u00f6netim Sistemini s\u00fcrekli iyile\u015ftirmek.<\/p>\n<p>\u2022\t\u00c7al\u0131\u015fma ortam\u0131n\u0131, mesleki hastal\u0131klar ve i\u015f kazalar\u0131 a\u00e7\u0131s\u0131ndan minimum risk seviyesinde yap\u0131land\u0131rmak.<\/p>\n<p>\u2022\t\u00c7al\u0131\u015fanlar\u0131m\u0131z\u0131n i\u015f g\u00fcvenli\u011fini sa\u011flamak ve sa\u011fl\u0131\u011f\u0131n\u0131 korumak.<\/p>\n<p>\u2022\tT\u00fcm \u00e7al\u0131\u015fanlar\u0131n kat\u0131l\u0131m\u0131 ile riskleri kayna\u011f\u0131nda yok etmek suretiyle \u201cs\u0131f\u0131r i\u015f kazas\u0131\u201d hedefine ula\u015fmaya \u00e7al\u0131\u015fmak.<\/p>\n<p>\u2022\t\u00c7al\u0131\u015fanlar\u0131n kendilerine teslim edilen i\u015f g\u00fcvenlik ekipmanlar\u0131n kullanmas\u0131n\u0131 sa\u011flamak ve bunun takibini s\u00fcreklile\u015ftirmek.<\/p>\n<p>\u2022\t\u00c7al\u0131\u015fanlar\u0131n, kendi bireysel \u0130\u015f Sa\u011fl\u0131\u011f\u0131 ve G\u00fcvenli\u011fi sorumluluklar\u0131n\u0131n fark\u0131nda olmalar\u0131n\u0131, g\u00fcvenlik \u00f6nlemlerin uygulamas\u0131nda destek ve kat\u0131l\u0131mlar\u0131n\u0131 sa\u011flamak ve i\u015f sa\u011fl\u0131\u011f\u0131 ve g\u00fcvenli\u011fi ile ilgili faaliyetleri s\u00fcrekli iyile\u015ftirmek.<\/p>\n<\/div><\/div><\/div><style type=\"text\/css\">.fusion-body .fusion-builder-column-0{width:100% !important;margin-top : 0px;margin-bottom : 30px;}.fusion-builder-column-0 > .fusion-column-wrapper {padding-top : 0px !important;padding-right : 15% !important;margin-right : 1.92%;padding-bottom : 0px !important;padding-left : 15% !important;margin-left : 1.92%;}@media only screen and (max-width:1024px) {.fusion-body .fusion-builder-column-0{width:100% !important;}.fusion-builder-column-0 > .fusion-column-wrapper {padding-right : 60px !important;margin-right : 1.92%;padding-left : 60px !important;margin-left : 1.92%;}}@media only screen and (max-width:640px) {.fusion-body .fusion-builder-column-0{width:100% !important;}.fusion-builder-column-0 > .fusion-column-wrapper {padding-right : 40px !important;margin-right : 1.92%;padding-left : 40px !important;margin-left : 1.92%;}}<\/style><\/div><style type=\"text\/css\">.fusion-body .fusion-flex-container.fusion-builder-row-1{ padding-top : 90px;margin-top : 0px;padding-right : 0px;padding-bottom : 90px;margin-bottom : 0px;padding-left : 0px;}@media only screen and (max-width:640px) {.fusion-body .fusion-flex-container.fusion-builder-row-1{ padding-bottom : 50px;}}<\/style><\/div>\n","protected":false},"excerpt":{"rendered":"","protected":false},"author":1,"featured_media":0,"parent":0,"menu_order":0,"comment_status":"closed","ping_status":"open","template":"100-width.php","meta":{"_bbp_topic_count":0,"_bbp_reply_count":0,"_bbp_total_topic_count":0,"_bbp_total_reply_count":0,"_bbp_voice_count":0,"_bbp_anonymous_reply_count":0,"_bbp_topic_count_hidden":0,"_bbp_reply_count_hidden":0,"_bbp_forum_subforum_count":0,"footnotes":""},"class_list":["post-1340","page","type-page","status-publish","hentry"],"yoast_head":"<!-- This site is optimized with the Yoast SEO plugin v26.3 - https:\/\/yoast.com\/wordpress\/plugins\/seo\/ -->\n<title>\u0130SG Politikam\u0131z | CANKIR in\u015faat<\/title>\n<meta name=\"robots\" content=\"index, follow, max-snippet:-1, max-image-preview:large, max-video-preview:-1\" \/>\n<link rel=\"canonical\" href=\"https:\/\/cankirinsaat.com\/index.php\/isg-politikamiz\/\" class=\"yoast-seo-meta-tag\" \/>\n<meta property=\"og:locale\" content=\"tr_TR\" class=\"yoast-seo-meta-tag\" \/>\n<meta property=\"og:type\" content=\"article\" class=\"yoast-seo-meta-tag\" \/>\n<meta property=\"og:title\" content=\"\u0130SG Politikam\u0131z | CANKIR in\u015faat\" class=\"yoast-seo-meta-tag\" \/>\n<meta property=\"og:url\" content=\"https:\/\/cankirinsaat.com\/index.php\/isg-politikamiz\/\" class=\"yoast-seo-meta-tag\" \/>\n<meta property=\"og:site_name\" content=\"CANKIR in\u015faat\" class=\"yoast-seo-meta-tag\" \/>\n<meta property=\"article:modified_time\" content=\"2020-11-27T06:15:18+00:00\" class=\"yoast-seo-meta-tag\" \/>\n<meta name=\"twitter:card\" content=\"summary_large_image\" class=\"yoast-seo-meta-tag\" \/>\n<meta name=\"twitter:label1\" content=\"Tahmini okuma s\u00fcresi\" class=\"yoast-seo-meta-tag\" \/>\n\t<meta name=\"twitter:data1\" content=\"2 dakika\" class=\"yoast-seo-meta-tag\" \/>\n<script type=\"application\/ld+json\" class=\"yoast-schema-graph\">{\"@context\":\"https:\/\/schema.org\",\"@graph\":[{\"@type\":\"WebPage\",\"@id\":\"https:\/\/cankirinsaat.com\/index.php\/isg-politikamiz\/\",\"url\":\"https:\/\/cankirinsaat.com\/index.php\/isg-politikamiz\/\",\"name\":\"\u0130SG Politikam\u0131z | CANKIR in\u015faat\",\"isPartOf\":{\"@id\":\"https:\/\/cankirinsaat.com\/#website\"},\"datePublished\":\"2020-11-27T06:10:11+00:00\",\"dateModified\":\"2020-11-27T06:15:18+00:00\",\"breadcrumb\":{\"@id\":\"https:\/\/cankirinsaat.com\/index.php\/isg-politikamiz\/#breadcrumb\"},\"inLanguage\":\"tr\",\"potentialAction\":[{\"@type\":\"ReadAction\",\"target\":[\"https:\/\/cankirinsaat.com\/index.php\/isg-politikamiz\/\"]}]},{\"@type\":\"BreadcrumbList\",\"@id\":\"https:\/\/cankirinsaat.com\/index.php\/isg-politikamiz\/#breadcrumb\",\"itemListElement\":[{\"@type\":\"ListItem\",\"position\":1,\"name\":\"Ana sayfa\",\"item\":\"https:\/\/cankirinsaat.com\/\"},{\"@type\":\"ListItem\",\"position\":2,\"name\":\"\u0130SG Politikam\u0131z\"}]},{\"@type\":\"WebSite\",\"@id\":\"https:\/\/cankirinsaat.com\/#website\",\"url\":\"https:\/\/cankirinsaat.com\/\",\"name\":\"CANKIR in\u015faat\",\"description\":\"ANKARA\",\"publisher\":{\"@id\":\"https:\/\/cankirinsaat.com\/#organization\"},\"potentialAction\":[{\"@type\":\"SearchAction\",\"target\":{\"@type\":\"EntryPoint\",\"urlTemplate\":\"https:\/\/cankirinsaat.com\/?s={search_term_string}\"},\"query-input\":{\"@type\":\"PropertyValueSpecification\",\"valueRequired\":true,\"valueName\":\"search_term_string\"}}],\"inLanguage\":\"tr\"},{\"@type\":\"Organization\",\"@id\":\"https:\/\/cankirinsaat.com\/#organization\",\"name\":\"CANKIR in\u015faat\",\"url\":\"https:\/\/cankirinsaat.com\/\",\"logo\":{\"@type\":\"ImageObject\",\"inLanguage\":\"tr\",\"@id\":\"https:\/\/cankirinsaat.com\/#\/schema\/logo\/image\/\",\"url\":\"http:\/\/cankirinsaat.com\/wp-content\/uploads\/2020\/09\/cankir_logo.png\",\"contentUrl\":\"http:\/\/cankirinsaat.com\/wp-content\/uploads\/2020\/09\/cankir_logo.png\",\"width\":683,\"height\":247,\"caption\":\"CANKIR in\u015faat\"},\"image\":{\"@id\":\"https:\/\/cankirinsaat.com\/#\/schema\/logo\/image\/\"}}]}<\/script>\n<!-- \/ Yoast SEO plugin. -->","yoast_head_json":{"title":"\u0130SG Politikam\u0131z | CANKIR in\u015faat","robots":{"index":"index","follow":"follow","max-snippet":"max-snippet:-1","max-image-preview":"max-image-preview:large","max-video-preview":"max-video-preview:-1"},"canonical":"https:\/\/cankirinsaat.com\/index.php\/isg-politikamiz\/","og_locale":"tr_TR","og_type":"article","og_title":"\u0130SG Politikam\u0131z | CANKIR in\u015faat","og_url":"https:\/\/cankirinsaat.com\/index.php\/isg-politikamiz\/","og_site_name":"CANKIR in\u015faat","article_modified_time":"2020-11-27T06:15:18+00:00","twitter_card":"summary_large_image","twitter_misc":{"Tahmini okuma s\u00fcresi":"2 dakika"},"schema":{"@context":"https:\/\/schema.org","@graph":[{"@type":"WebPage","@id":"https:\/\/cankirinsaat.com\/index.php\/isg-politikamiz\/","url":"https:\/\/cankirinsaat.com\/index.php\/isg-politikamiz\/","name":"\u0130SG Politikam\u0131z | CANKIR in\u015faat","isPartOf":{"@id":"https:\/\/cankirinsaat.com\/#website"},"datePublished":"2020-11-27T06:10:11+00:00","dateModified":"2020-11-27T06:15:18+00:00","breadcrumb":{"@id":"https:\/\/cankirinsaat.com\/index.php\/isg-politikamiz\/#breadcrumb"},"inLanguage":"tr","potentialAction":[{"@type":"ReadAction","target":["https:\/\/cankirinsaat.com\/index.php\/isg-politikamiz\/"]}]},{"@type":"BreadcrumbList","@id":"https:\/\/cankirinsaat.com\/index.php\/isg-politikamiz\/#breadcrumb","itemListElement":[{"@type":"ListItem","position":1,"name":"Ana sayfa","item":"https:\/\/cankirinsaat.com\/"},{"@type":"ListItem","position":2,"name":"\u0130SG Politikam\u0131z"}]},{"@type":"WebSite","@id":"https:\/\/cankirinsaat.com\/#website","url":"https:\/\/cankirinsaat.com\/","name":"CANKIR in\u015faat","description":"ANKARA","publisher":{"@id":"https:\/\/cankirinsaat.com\/#organization"},"potentialAction":[{"@type":"SearchAction","target":{"@type":"EntryPoint","urlTemplate":"https:\/\/cankirinsaat.com\/?s={search_term_string}"},"query-input":{"@type":"PropertyValueSpecification","valueRequired":true,"valueName":"search_term_string"}}],"inLanguage":"tr"},{"@type":"Organization","@id":"https:\/\/cankirinsaat.com\/#organization","name":"CANKIR in\u015faat","url":"https:\/\/cankirinsaat.com\/","logo":{"@type":"ImageObject","inLanguage":"tr","@id":"https:\/\/cankirinsaat.com\/#\/schema\/logo\/image\/","url":"http:\/\/cankirinsaat.com\/wp-content\/uploads\/2020\/09\/cankir_logo.png","contentUrl":"http:\/\/cankirinsaat.com\/wp-content\/uploads\/2020\/09\/cankir_logo.png","width":683,"height":247,"caption":"CANKIR in\u015faat"},"image":{"@id":"https:\/\/cankirinsaat.com\/#\/schema\/logo\/image\/"}}]}},"_links":{"self":[{"href":"https:\/\/cankirinsaat.com\/index.php\/wp-json\/wp\/v2\/pages\/1340","targetHints":{"allow":["GET"]}}],"collection":[{"href":"https:\/\/cankirinsaat.com\/index.php\/wp-json\/wp\/v2\/pages"}],"about":[{"href":"https:\/\/cankirinsaat.com\/index.php\/wp-json\/wp\/v2\/types\/page"}],"author":[{"embeddable":true,"href":"https:\/\/cankirinsaat.com\/index.php\/wp-json\/wp\/v2\/users\/1"}],"replies":[{"embeddable":true,"href":"https:\/\/cankirinsaat.com\/index.php\/wp-json\/wp\/v2\/comments?post=1340"}],"version-history":[{"count":0,"href":"https:\/\/cankirinsaat.com\/index.php\/wp-json\/wp\/v2\/pages\/1340\/revisions"}],"wp:attachment":[{"href":"https:\/\/cankirinsaat.com\/index.php\/wp-json\/wp\/v2\/media?parent=1340"}],"curies":[{"name":"wp","href":"https:\/\/api.w.org\/{rel}","templated":true}]}}