{"id":1327,"date":"2020-11-25T21:11:04","date_gmt":"2020-11-25T18:11:04","guid":{"rendered":"http:\/\/cankirinsaat.com\/?page_id=1327"},"modified":"2020-11-27T09:07:31","modified_gmt":"2020-11-27T06:07:31","slug":"hakkimizda2","status":"publish","type":"page","link":"https:\/\/cankirinsaat.com\/index.php\/hakkimizda2\/","title":{"rendered":"Firma Profili"},"content":{"rendered":"<div class=\"fusion-fullwidth fullwidth-box fusion-builder-row-1 fusion-flex-container nonhundred-percent-fullwidth non-hundred-percent-height-scrolling\" style=\"background-color: rgba(255,255,255,0);background-position: left top;background-repeat: no-repeat;border-width: 0px 0px 0px 0px;border-color:#eae9e9;border-style:solid;\" ><div class=\"fusion-builder-row fusion-row fusion-flex-align-items-flex-start\" style=\"max-width:1216.8px;margin-left: calc(-4% \/ 2 );margin-right: calc(-4% \/ 2 );\"><div class=\"fusion-layout-column fusion_builder_column fusion-builder-column-0 fusion_builder_column_1_1 1_1 fusion-flex-column\"><div class=\"fusion-column-wrapper fusion-flex-justify-content-flex-start fusion-content-layout-column\" style=\"background-position:left top;background-repeat:no-repeat;-webkit-background-size:cover;-moz-background-size:cover;-o-background-size:cover;background-size:cover;padding: 0px 15% 0px 15%;\"><style type=\"text\/css\">@media only screen and (max-width:1024px) {.fusion-title.fusion-title-1{margin-top:0px!important;margin-bottom:20px!important;}}@media only screen and (max-width:640px) {.fusion-title.fusion-title-1{margin-top:0px!important;margin-bottom:10px!important;}}<\/style><div class=\"fusion-title title fusion-title-1 fusion-sep-none fusion-title-center fusion-title-text fusion-title-size-two\" style=\"margin-top:0px;margin-bottom:20px;\"><h2 class=\"title-heading-center\" style=\"margin:0;\">Firma Profili<\/h2><\/div><div class=\"fusion-separator\" style=\"align-self: center;margin-left: auto;margin-right: auto;margin-top:0px;margin-bottom:30px;width:100%;max-width:206px;\"><div class=\"fusion-separator-border sep-single sep-solid\" style=\"border-color:#fed03d;border-top-width:2px;\"><\/div><\/div><div class=\"fusion-text fusion-text-1\" style=\"transform:translate3d(0,0,0);\"><p><span style=\"color: #000000;\">Tescilli \u015eirket Ad<span style=\"color: #000000;\">\u0131<\/span><\/span><span style=\"color: #000000;\">:<\/span> CANKIR \u0130N\u015eAAT VE SANAY\u0130 T\u0130CARET ANON\u0130M \u015e\u0130RKET\u0130<\/p>\n<p><span style=\"color: #000000;\">Tescil Tarihi :<\/span> 2017<\/p>\n<p><span style=\"color: #000000;\">Kay\u0131tl\u0131 Oldu\u011fu Yer :<\/span> Ankara, T\u00fcrkiye<\/p>\n<p><span style=\"color: #000000;\">Ticaret Sicil No :<\/span> 404947<\/p>\n<p><span style=\"color: #000000;\">Vergi No:<\/span> 2010381580 BA\u015eKENT V.D.<\/p>\n<p><span style=\"color: #000000;\">Kay\u0131tl\u0131 Merkez Ofis Adresi :<\/span> Cevizlidere Mah. 1238. Cad. 1\/12 \u00c7ankaya\/ANKARA<\/p>\n<p><span style=\"color: #000000;\">Telefon :<\/span> +90 312 321 49 66<\/p>\n<p><span style=\"color: #000000;\">Resmi \u0130nternet Sitesi :<\/span> cankirinsaat.com.tr<\/p>\n<p><span style=\"color: #000000;\">E-posta :<\/span> info@cankirinsaat.com.tr<\/p>\n<\/div><\/div><\/div><style type=\"text\/css\">.fusion-body .fusion-builder-column-0{width:100% !important;margin-top : 0px;margin-bottom : 30px;}.fusion-builder-column-0 > .fusion-column-wrapper {padding-top : 0px !important;padding-right : 15% !important;margin-right : 1.92%;padding-bottom : 0px !important;padding-left : 15% !important;margin-left : 1.92%;}@media only screen and (max-width:1024px) {.fusion-body .fusion-builder-column-0{width:100% !important;}.fusion-builder-column-0 > .fusion-column-wrapper {padding-right : 60px !important;margin-right : 1.92%;padding-left : 60px !important;margin-left : 1.92%;}}@media only screen and (max-width:640px) {.fusion-body .fusion-builder-column-0{width:100% !important;}.fusion-builder-column-0 > .fusion-column-wrapper {padding-right : 40px !important;margin-right : 1.92%;padding-left : 40px !important;margin-left : 1.92%;}}<\/style><\/div><style type=\"text\/css\">.fusion-body .fusion-flex-container.fusion-builder-row-1{ padding-top : 90px;margin-top : 0px;padding-right : 0px;padding-bottom : 90px;margin-bottom : 0px;padding-left : 0px;}@media only screen and (max-width:640px) {.fusion-body .fusion-flex-container.fusion-builder-row-1{ padding-bottom : 50px;}}<\/style><\/div>\n","protected":false},"excerpt":{"rendered":"","protected":false},"author":1,"featured_media":0,"parent":0,"menu_order":0,"comment_status":"closed","ping_status":"open","template":"100-width.php","meta":{"_bbp_topic_count":0,"_bbp_reply_count":0,"_bbp_total_topic_count":0,"_bbp_total_reply_count":0,"_bbp_voice_count":0,"_bbp_anonymous_reply_count":0,"_bbp_topic_count_hidden":0,"_bbp_reply_count_hidden":0,"_bbp_forum_subforum_count":0,"footnotes":""},"class_list":["post-1327","page","type-page","status-publish","hentry"],"yoast_head":"<!-- This site is optimized with the Yoast SEO plugin v26.3 - https:\/\/yoast.com\/wordpress\/plugins\/seo\/ -->\n<title>Firma Profili | CANKIR in\u015faat<\/title>\n<meta name=\"robots\" content=\"index, follow, max-snippet:-1, max-image-preview:large, max-video-preview:-1\" \/>\n<link rel=\"canonical\" href=\"https:\/\/cankirinsaat.com\/index.php\/hakkimizda2\/\" class=\"yoast-seo-meta-tag\" \/>\n<meta property=\"og:locale\" content=\"tr_TR\" class=\"yoast-seo-meta-tag\" \/>\n<meta property=\"og:type\" content=\"article\" class=\"yoast-seo-meta-tag\" \/>\n<meta property=\"og:title\" content=\"Firma Profili | CANKIR in\u015faat\" class=\"yoast-seo-meta-tag\" \/>\n<meta property=\"og:url\" content=\"https:\/\/cankirinsaat.com\/index.php\/hakkimizda2\/\" class=\"yoast-seo-meta-tag\" \/>\n<meta property=\"og:site_name\" content=\"CANKIR in\u015faat\" class=\"yoast-seo-meta-tag\" \/>\n<meta property=\"article:modified_time\" content=\"2020-11-27T06:07:31+00:00\" class=\"yoast-seo-meta-tag\" \/>\n<meta name=\"twitter:card\" content=\"summary_large_image\" class=\"yoast-seo-meta-tag\" \/>\n<meta name=\"twitter:label1\" content=\"Tahmini okuma s\u00fcresi\" class=\"yoast-seo-meta-tag\" \/>\n\t<meta name=\"twitter:data1\" content=\"2 dakika\" class=\"yoast-seo-meta-tag\" \/>\n<script type=\"application\/ld+json\" class=\"yoast-schema-graph\">{\"@context\":\"https:\/\/schema.org\",\"@graph\":[{\"@type\":\"WebPage\",\"@id\":\"https:\/\/cankirinsaat.com\/index.php\/hakkimizda2\/\",\"url\":\"https:\/\/cankirinsaat.com\/index.php\/hakkimizda2\/\",\"name\":\"Firma Profili | CANKIR in\u015faat\",\"isPartOf\":{\"@id\":\"https:\/\/cankirinsaat.com\/#website\"},\"datePublished\":\"2020-11-25T18:11:04+00:00\",\"dateModified\":\"2020-11-27T06:07:31+00:00\",\"breadcrumb\":{\"@id\":\"https:\/\/cankirinsaat.com\/index.php\/hakkimizda2\/#breadcrumb\"},\"inLanguage\":\"tr\",\"potentialAction\":[{\"@type\":\"ReadAction\",\"target\":[\"https:\/\/cankirinsaat.com\/index.php\/hakkimizda2\/\"]}]},{\"@type\":\"BreadcrumbList\",\"@id\":\"https:\/\/cankirinsaat.com\/index.php\/hakkimizda2\/#breadcrumb\",\"itemListElement\":[{\"@type\":\"ListItem\",\"position\":1,\"name\":\"Ana sayfa\",\"item\":\"https:\/\/cankirinsaat.com\/\"},{\"@type\":\"ListItem\",\"position\":2,\"name\":\"Firma Profili\"}]},{\"@type\":\"WebSite\",\"@id\":\"https:\/\/cankirinsaat.com\/#website\",\"url\":\"https:\/\/cankirinsaat.com\/\",\"name\":\"CANKIR in\u015faat\",\"description\":\"ANKARA\",\"publisher\":{\"@id\":\"https:\/\/cankirinsaat.com\/#organization\"},\"potentialAction\":[{\"@type\":\"SearchAction\",\"target\":{\"@type\":\"EntryPoint\",\"urlTemplate\":\"https:\/\/cankirinsaat.com\/?s={search_term_string}\"},\"query-input\":{\"@type\":\"PropertyValueSpecification\",\"valueRequired\":true,\"valueName\":\"search_term_string\"}}],\"inLanguage\":\"tr\"},{\"@type\":\"Organization\",\"@id\":\"https:\/\/cankirinsaat.com\/#organization\",\"name\":\"CANKIR in\u015faat\",\"url\":\"https:\/\/cankirinsaat.com\/\",\"logo\":{\"@type\":\"ImageObject\",\"inLanguage\":\"tr\",\"@id\":\"https:\/\/cankirinsaat.com\/#\/schema\/logo\/image\/\",\"url\":\"http:\/\/cankirinsaat.com\/wp-content\/uploads\/2020\/09\/cankir_logo.png\",\"contentUrl\":\"http:\/\/cankirinsaat.com\/wp-content\/uploads\/2020\/09\/cankir_logo.png\",\"width\":683,\"height\":247,\"caption\":\"CANKIR in\u015faat\"},\"image\":{\"@id\":\"https:\/\/cankirinsaat.com\/#\/schema\/logo\/image\/\"}}]}<\/script>\n<!-- \/ Yoast SEO plugin. -->","yoast_head_json":{"title":"Firma Profili | CANKIR in\u015faat","robots":{"index":"index","follow":"follow","max-snippet":"max-snippet:-1","max-image-preview":"max-image-preview:large","max-video-preview":"max-video-preview:-1"},"canonical":"https:\/\/cankirinsaat.com\/index.php\/hakkimizda2\/","og_locale":"tr_TR","og_type":"article","og_title":"Firma Profili | CANKIR in\u015faat","og_url":"https:\/\/cankirinsaat.com\/index.php\/hakkimizda2\/","og_site_name":"CANKIR in\u015faat","article_modified_time":"2020-11-27T06:07:31+00:00","twitter_card":"summary_large_image","twitter_misc":{"Tahmini okuma s\u00fcresi":"2 dakika"},"schema":{"@context":"https:\/\/schema.org","@graph":[{"@type":"WebPage","@id":"https:\/\/cankirinsaat.com\/index.php\/hakkimizda2\/","url":"https:\/\/cankirinsaat.com\/index.php\/hakkimizda2\/","name":"Firma Profili | CANKIR in\u015faat","isPartOf":{"@id":"https:\/\/cankirinsaat.com\/#website"},"datePublished":"2020-11-25T18:11:04+00:00","dateModified":"2020-11-27T06:07:31+00:00","breadcrumb":{"@id":"https:\/\/cankirinsaat.com\/index.php\/hakkimizda2\/#breadcrumb"},"inLanguage":"tr","potentialAction":[{"@type":"ReadAction","target":["https:\/\/cankirinsaat.com\/index.php\/hakkimizda2\/"]}]},{"@type":"BreadcrumbList","@id":"https:\/\/cankirinsaat.com\/index.php\/hakkimizda2\/#breadcrumb","itemListElement":[{"@type":"ListItem","position":1,"name":"Ana sayfa","item":"https:\/\/cankirinsaat.com\/"},{"@type":"ListItem","position":2,"name":"Firma Profili"}]},{"@type":"WebSite","@id":"https:\/\/cankirinsaat.com\/#website","url":"https:\/\/cankirinsaat.com\/","name":"CANKIR in\u015faat","description":"ANKARA","publisher":{"@id":"https:\/\/cankirinsaat.com\/#organization"},"potentialAction":[{"@type":"SearchAction","target":{"@type":"EntryPoint","urlTemplate":"https:\/\/cankirinsaat.com\/?s={search_term_string}"},"query-input":{"@type":"PropertyValueSpecification","valueRequired":true,"valueName":"search_term_string"}}],"inLanguage":"tr"},{"@type":"Organization","@id":"https:\/\/cankirinsaat.com\/#organization","name":"CANKIR in\u015faat","url":"https:\/\/cankirinsaat.com\/","logo":{"@type":"ImageObject","inLanguage":"tr","@id":"https:\/\/cankirinsaat.com\/#\/schema\/logo\/image\/","url":"http:\/\/cankirinsaat.com\/wp-content\/uploads\/2020\/09\/cankir_logo.png","contentUrl":"http:\/\/cankirinsaat.com\/wp-content\/uploads\/2020\/09\/cankir_logo.png","width":683,"height":247,"caption":"CANKIR in\u015faat"},"image":{"@id":"https:\/\/cankirinsaat.com\/#\/schema\/logo\/image\/"}}]}},"_links":{"self":[{"href":"https:\/\/cankirinsaat.com\/index.php\/wp-json\/wp\/v2\/pages\/1327","targetHints":{"allow":["GET"]}}],"collection":[{"href":"https:\/\/cankirinsaat.com\/index.php\/wp-json\/wp\/v2\/pages"}],"about":[{"href":"https:\/\/cankirinsaat.com\/index.php\/wp-json\/wp\/v2\/types\/page"}],"author":[{"embeddable":true,"href":"https:\/\/cankirinsaat.com\/index.php\/wp-json\/wp\/v2\/users\/1"}],"replies":[{"embeddable":true,"href":"https:\/\/cankirinsaat.com\/index.php\/wp-json\/wp\/v2\/comments?post=1327"}],"version-history":[{"count":0,"href":"https:\/\/cankirinsaat.com\/index.php\/wp-json\/wp\/v2\/pages\/1327\/revisions"}],"wp:attachment":[{"href":"https:\/\/cankirinsaat.com\/index.php\/wp-json\/wp\/v2\/media?parent=1327"}],"curies":[{"name":"wp","href":"https:\/\/api.w.org\/{rel}","templated":true}]}}